{"id":17,"date":"2024-07-12T15:14:19","date_gmt":"2024-07-12T15:14:19","guid":{"rendered":"https:\/\/bararias.rkinformatika.online\/?page_id=17"},"modified":"2025-02-20T12:09:38","modified_gmt":"2025-02-20T12:09:38","slug":"servicios","status":"publish","type":"page","link":"https:\/\/distribucionesalonso.com\/eu\/servicios\/","title":{"rendered":"Zerbitzuak"},"content":{"rendered":"<div data-elementor-type=\"wp-page\" data-elementor-id=\"17\" class=\"elementor elementor-17\" data-elementor-post-type=\"page\">\n\t\t\t\t\t\t<section class=\"elementor-section elementor-top-section elementor-element elementor-element-78cd96a elementor-section-boxed elementor-section-height-default elementor-section-height-default\" data-id=\"78cd96a\" data-element_type=\"section\" data-e-type=\"section\" data-settings=\"{&quot;background_background&quot;:&quot;classic&quot;}\">\n\t\t\t\t\t\t\t<div class=\"elementor-background-overlay\"><\/div>\n\t\t\t\t\t\t\t<div class=\"elementor-container elementor-column-gap-default\">\n\t\t\t\t\t<div class=\"elementor-column elementor-col-100 elementor-top-column elementor-element elementor-element-20e3777\" data-id=\"20e3777\" data-element_type=\"column\" data-e-type=\"column\">\n\t\t\t<div class=\"elementor-widget-wrap\">\n\t\t\t\t\t\t\t<\/div>\n\t\t<\/div>\n\t\t\t\t\t<\/div>\n\t\t<\/section>\n\t\t<div class=\"elementor-element elementor-element-421de72 e-flex e-con-boxed e-con e-parent\" data-id=\"421de72\" data-element_type=\"container\" data-e-type=\"container\">\n\t\t\t\t\t<div class=\"e-con-inner\">\n\t\t\t\t<div class=\"elementor-element elementor-element-02c99a5 elementor-widget elementor-widget-heading\" data-id=\"02c99a5\" data-element_type=\"widget\" data-e-type=\"widget\" data-widget_type=\"heading.default\">\n\t\t\t\t<div class=\"elementor-widget-container\">\n\t\t\t\t\t<h2 class=\"elementor-heading-title elementor-size-default\">Productos seleccionados para ofrecer la mejor calidad y frescura en cada entrega.<\/h2>\t\t\t\t<\/div>\n\t\t\t\t<\/div>\n\t\t\t\t\t<\/div>\n\t\t\t\t<\/div>\n\t\t<div class=\"elementor-element elementor-element-a80daf5 e-flex e-con-boxed e-con e-parent\" data-id=\"a80daf5\" data-element_type=\"container\" data-e-type=\"container\">\n\t\t\t\t\t<div class=\"e-con-inner\">\n\t\t<div class=\"elementor-element elementor-element-6eb9b46 e-con-full e-flex e-con e-child\" data-id=\"6eb9b46\" data-element_type=\"container\" data-e-type=\"container\">\n\t\t\t\t<div class=\"elementor-element elementor-element-ead8821 elementor-position-top elementor-widget elementor-widget-image-box\" data-id=\"ead8821\" data-element_type=\"widget\" data-e-type=\"widget\" data-widget_type=\"image-box.default\">\n\t\t\t\t<div class=\"elementor-widget-container\">\n\t\t\t\t\t<div class=\"elementor-image-box-wrapper\"><figure class=\"elementor-image-box-img\"><img fetchpriority=\"high\" decoding=\"async\" width=\"1500\" height=\"1001\" src=\"https:\/\/distribucionesalonso.com\/wp-content\/uploads\/2025\/02\/37842.jpg\" class=\"attachment-full size-full wp-image-913\" alt=\"\" srcset=\"https:\/\/distribucionesalonso.com\/wp-content\/uploads\/2025\/02\/37842.jpg 1500w, https:\/\/distribucionesalonso.com\/wp-content\/uploads\/2025\/02\/37842-300x200.jpg 300w, https:\/\/distribucionesalonso.com\/wp-content\/uploads\/2025\/02\/37842-1024x683.jpg 1024w, https:\/\/distribucionesalonso.com\/wp-content\/uploads\/2025\/02\/37842-768x513.jpg 768w, https:\/\/distribucionesalonso.com\/wp-content\/uploads\/2025\/02\/37842-18x12.jpg 18w\" sizes=\"(max-width: 1500px) 100vw, 1500px\" \/><\/figure><div class=\"elementor-image-box-content\"><h3 class=\"elementor-image-box-title\">Aves<\/h3><p class=\"elementor-image-box-description\">Entero o en cortes (pechugas, muslos, alitas, etc.), siempre con el mejor sabor y calidad garantizada.\n<\/p><\/div><\/div>\t\t\t\t<\/div>\n\t\t\t\t<\/div>\n\t\t\t\t<\/div>\n\t\t<div class=\"elementor-element elementor-element-5729129 e-con-full e-flex e-con e-child\" data-id=\"5729129\" data-element_type=\"container\" data-e-type=\"container\">\n\t\t\t\t<div class=\"elementor-element elementor-element-d11f883 elementor-position-top elementor-widget elementor-widget-image-box\" data-id=\"d11f883\" data-element_type=\"widget\" data-e-type=\"widget\" data-widget_type=\"image-box.default\">\n\t\t\t\t<div class=\"elementor-widget-container\">\n\t\t\t\t\t<div class=\"elementor-image-box-wrapper\"><figure class=\"elementor-image-box-img\"><img decoding=\"async\" width=\"1500\" height=\"1008\" src=\"https:\/\/distribucionesalonso.com\/wp-content\/uploads\/2025\/02\/15950.jpg\" class=\"attachment-full size-full wp-image-797\" alt=\"\" srcset=\"https:\/\/distribucionesalonso.com\/wp-content\/uploads\/2025\/02\/15950.jpg 1500w, https:\/\/distribucionesalonso.com\/wp-content\/uploads\/2025\/02\/15950-300x202.jpg 300w, https:\/\/distribucionesalonso.com\/wp-content\/uploads\/2025\/02\/15950-1024x688.jpg 1024w, https:\/\/distribucionesalonso.com\/wp-content\/uploads\/2025\/02\/15950-768x516.jpg 768w, https:\/\/distribucionesalonso.com\/wp-content\/uploads\/2025\/02\/15950-18x12.jpg 18w\" sizes=\"(max-width: 1500px) 100vw, 1500px\" \/><\/figure><div class=\"elementor-image-box-content\"><h3 class=\"elementor-image-box-title\">Huevos frescos<\/h3><p class=\"elementor-image-box-description\">De distintos tama\u00f1os y categor\u00edas, ideales para cualquier uso culinario.<\/p><\/div><\/div>\t\t\t\t<\/div>\n\t\t\t\t<\/div>\n\t\t\t\t<\/div>\n\t\t<div class=\"elementor-element elementor-element-e8725c5 e-con-full e-flex e-con e-child\" data-id=\"e8725c5\" data-element_type=\"container\" data-e-type=\"container\">\n\t\t\t\t<div class=\"elementor-element elementor-element-cc7b197 elementor-position-top elementor-widget elementor-widget-image-box\" data-id=\"cc7b197\" data-element_type=\"widget\" data-e-type=\"widget\" data-widget_type=\"image-box.default\">\n\t\t\t\t<div class=\"elementor-widget-container\">\n\t\t\t\t\t<div class=\"elementor-image-box-wrapper\"><figure class=\"elementor-image-box-img\"><img decoding=\"async\" width=\"1500\" height=\"1000\" src=\"https:\/\/distribucionesalonso.com\/wp-content\/uploads\/2025\/02\/6514.jpg\" class=\"attachment-full size-full wp-image-932\" alt=\"\" srcset=\"https:\/\/distribucionesalonso.com\/wp-content\/uploads\/2025\/02\/6514.jpg 1500w, https:\/\/distribucionesalonso.com\/wp-content\/uploads\/2025\/02\/6514-300x200.jpg 300w, https:\/\/distribucionesalonso.com\/wp-content\/uploads\/2025\/02\/6514-1024x683.jpg 1024w, https:\/\/distribucionesalonso.com\/wp-content\/uploads\/2025\/02\/6514-768x512.jpg 768w, https:\/\/distribucionesalonso.com\/wp-content\/uploads\/2025\/02\/6514-18x12.jpg 18w\" sizes=\"(max-width: 1500px) 100vw, 1500px\" \/><\/figure><div class=\"elementor-image-box-content\"><h3 class=\"elementor-image-box-title\">Productos elaborados<\/h3><p class=\"elementor-image-box-description\">Preparaciones av\u00edcolas listas para cocinar o consumir, manteniendo siempre la m\u00e1xima frescura.\n<\/p><\/div><\/div>\t\t\t\t<\/div>\n\t\t\t\t<\/div>\n\t\t\t\t<\/div>\n\t\t\t\t\t<\/div>\n\t\t\t\t<\/div>\n\t\t<div class=\"elementor-element elementor-element-c19d811 e-con-full e-flex e-con e-parent\" data-id=\"c19d811\" data-element_type=\"container\" data-e-type=\"container\" data-settings=\"{&quot;background_background&quot;:&quot;classic&quot;}\">\n\t\t\t\t<div class=\"elementor-element elementor-element-bbad07d elementor-cta--skin-classic elementor-animated-content elementor-bg-transform elementor-bg-transform-zoom-in elementor-widget elementor-widget-call-to-action\" data-id=\"bbad07d\" data-element_type=\"widget\" data-e-type=\"widget\" data-widget_type=\"call-to-action.default\">\n\t\t\t\t<div class=\"elementor-widget-container\">\n\t\t\t\t\t\t\t<div class=\"elementor-cta\">\n\t\t\t\t\t<div class=\"elementor-cta__bg-wrapper\">\n\t\t\t\t<div class=\"elementor-cta__bg elementor-bg\" style=\"background-image: url(https:\/\/distribucionesalonso.com\/wp-content\/uploads\/2025\/02\/2149284873.jpg);\" role=\"img\" aria-label=\"2149284873\"><\/div>\n\t\t\t\t<div class=\"elementor-cta__bg-overlay\"><\/div>\n\t\t\t<\/div>\n\t\t\t\t\t\t\t<div class=\"elementor-cta__content\">\n\t\t\t\t\n\t\t\t\t\t\t\t\t\t<h2 class=\"elementor-cta__title elementor-cta__content-item elementor-content-item\">\n\t\t\t\t\t\t\u00a1Conf\u00eda en nosotros para recibir lo mejor del sector av\u00edcola!\t\t\t\t\t<\/h2>\n\t\t\t\t\n\t\t\t\t\n\t\t\t\t\t\t\t\t\t<div class=\"elementor-cta__button-wrapper elementor-cta__content-item elementor-content-item\">\n\t\t\t\t\t<a class=\"elementor-cta__button elementor-button elementor-size-\" href=\"https:\/\/distribucionesalonso.com\/eu\/contacto\/\">\n\t\t\t\t\t\tKontaktua\t\t\t\t\t<\/a>\n\t\t\t\t\t<\/div>\n\t\t\t\t\t\t\t<\/div>\n\t\t\t\t\t\t<\/div>\n\t\t\t\t\t\t<\/div>\n\t\t\t\t<\/div>\n\t\t\t\t<\/div>\n\t\t\t\t<\/div>","protected":false},"excerpt":{"rendered":"<p>Productos seleccionados para ofrecer la mejor calidad y frescura en cada entrega. Aves Entero o en cortes (pechugas, muslos, alitas, etc.), siempre con el mejor sabor y calidad garantizada. Huevos frescos De distintos tama\u00f1os y categor\u00edas, ideales para cualquier uso culinario. Productos elaborados Preparaciones av\u00edcolas listas para cocinar o consumir, manteniendo siempre la m\u00e1xima frescura. [&hellip;]<\/p>\n","protected":false},"author":4,"featured_media":0,"parent":0,"menu_order":0,"comment_status":"closed","ping_status":"closed","template":"","meta":{"footnotes":""},"class_list":["post-17","page","type-page","status-publish","hentry"],"yoast_head":"<!-- This site is optimized with the Yoast SEO plugin v27.4 - https:\/\/yoast.com\/product\/yoast-seo-wordpress\/ -->\n<title>Servicios - Distribuciones Alonso<\/title>\n<meta name=\"robots\" content=\"index, follow, max-snippet:-1, max-image-preview:large, max-video-preview:-1\" \/>\n<link rel=\"canonical\" href=\"https:\/\/distribucionesalonso.com\/eu\/servicios\/\" \/>\n<meta property=\"og:locale\" content=\"en_US\" \/>\n<meta property=\"og:type\" content=\"article\" \/>\n<meta property=\"og:title\" content=\"Servicios - Distribuciones Alonso\" \/>\n<meta property=\"og:description\" content=\"Productos seleccionados para ofrecer la mejor calidad y frescura en cada entrega. Aves Entero o en cortes (pechugas, muslos, alitas, etc.), siempre con el mejor sabor y calidad garantizada. Huevos frescos De distintos tama\u00f1os y categor\u00edas, ideales para cualquier uso culinario. Productos elaborados Preparaciones av\u00edcolas listas para cocinar o consumir, manteniendo siempre la m\u00e1xima frescura. [&hellip;]\" \/>\n<meta property=\"og:url\" content=\"https:\/\/distribucionesalonso.com\/eu\/servicios\/\" \/>\n<meta property=\"og:site_name\" content=\"Distribuciones Alonso\" \/>\n<meta property=\"article:modified_time\" content=\"2025-02-20T12:09:38+00:00\" \/>\n<meta property=\"og:image\" content=\"https:\/\/distribucionesalonso.com\/wp-content\/uploads\/2025\/02\/37842.jpg\" \/>\n\t<meta property=\"og:image:width\" content=\"1500\" \/>\n\t<meta property=\"og:image:height\" content=\"1001\" \/>\n\t<meta property=\"og:image:type\" content=\"image\/jpeg\" \/>\n<meta name=\"twitter:card\" content=\"summary_large_image\" \/>\n<meta name=\"twitter:label1\" content=\"Est. reading time\" \/>\n\t<meta name=\"twitter:data1\" content=\"1 minutua\" \/>\n<script type=\"application\/ld+json\" class=\"yoast-schema-graph\">{\"@context\":\"https:\\\/\\\/schema.org\",\"@graph\":[{\"@type\":\"WebPage\",\"@id\":\"https:\\\/\\\/distribucionesalonso.com\\\/servicios\\\/\",\"url\":\"https:\\\/\\\/distribucionesalonso.com\\\/servicios\\\/\",\"name\":\"Servicios - Distribuciones Alonso\",\"isPartOf\":{\"@id\":\"https:\\\/\\\/distribucionesalonso.com\\\/#website\"},\"primaryImageOfPage\":{\"@id\":\"https:\\\/\\\/distribucionesalonso.com\\\/servicios\\\/#primaryimage\"},\"image\":{\"@id\":\"https:\\\/\\\/distribucionesalonso.com\\\/servicios\\\/#primaryimage\"},\"thumbnailUrl\":\"https:\\\/\\\/distribucionesalonso.com\\\/wp-content\\\/uploads\\\/2025\\\/02\\\/37842.jpg\",\"datePublished\":\"2024-07-12T15:14:19+00:00\",\"dateModified\":\"2025-02-20T12:09:38+00:00\",\"breadcrumb\":{\"@id\":\"https:\\\/\\\/distribucionesalonso.com\\\/servicios\\\/#breadcrumb\"},\"inLanguage\":\"eu\",\"potentialAction\":[{\"@type\":\"ReadAction\",\"target\":[\"https:\\\/\\\/distribucionesalonso.com\\\/servicios\\\/\"]}]},{\"@type\":\"ImageObject\",\"inLanguage\":\"eu\",\"@id\":\"https:\\\/\\\/distribucionesalonso.com\\\/servicios\\\/#primaryimage\",\"url\":\"https:\\\/\\\/distribucionesalonso.com\\\/wp-content\\\/uploads\\\/2025\\\/02\\\/37842.jpg\",\"contentUrl\":\"https:\\\/\\\/distribucionesalonso.com\\\/wp-content\\\/uploads\\\/2025\\\/02\\\/37842.jpg\"},{\"@type\":\"BreadcrumbList\",\"@id\":\"https:\\\/\\\/distribucionesalonso.com\\\/servicios\\\/#breadcrumb\",\"itemListElement\":[{\"@type\":\"ListItem\",\"position\":1,\"name\":\"Portada\",\"item\":\"https:\\\/\\\/distribucionesalonso.com\\\/\"},{\"@type\":\"ListItem\",\"position\":2,\"name\":\"Servicios\"}]},{\"@type\":\"WebSite\",\"@id\":\"https:\\\/\\\/distribucionesalonso.com\\\/#website\",\"url\":\"https:\\\/\\\/distribucionesalonso.com\\\/\",\"name\":\"Distribuciones Alonso\",\"description\":\"Distribuci\u00f3n de producto avicola fresco\",\"publisher\":{\"@id\":\"https:\\\/\\\/distribucionesalonso.com\\\/#organization\"},\"potentialAction\":[{\"@type\":\"SearchAction\",\"target\":{\"@type\":\"EntryPoint\",\"urlTemplate\":\"https:\\\/\\\/distribucionesalonso.com\\\/?s={search_term_string}\"},\"query-input\":{\"@type\":\"PropertyValueSpecification\",\"valueRequired\":true,\"valueName\":\"search_term_string\"}}],\"inLanguage\":\"eu\"},{\"@type\":\"Organization\",\"@id\":\"https:\\\/\\\/distribucionesalonso.com\\\/#organization\",\"name\":\"Distribuciones Alonso\",\"url\":\"https:\\\/\\\/distribucionesalonso.com\\\/\",\"logo\":{\"@type\":\"ImageObject\",\"inLanguage\":\"eu\",\"@id\":\"https:\\\/\\\/distribucionesalonso.com\\\/#\\\/schema\\\/logo\\\/image\\\/\",\"url\":\"https:\\\/\\\/distribucionesalonso.com\\\/wp-content\\\/uploads\\\/2025\\\/02\\\/cropped-Reparacion-de-Calzado-DONATO-2.png\",\"contentUrl\":\"https:\\\/\\\/distribucionesalonso.com\\\/wp-content\\\/uploads\\\/2025\\\/02\\\/cropped-Reparacion-de-Calzado-DONATO-2.png\",\"width\":420,\"height\":171,\"caption\":\"Distribuciones Alonso\"},\"image\":{\"@id\":\"https:\\\/\\\/distribucionesalonso.com\\\/#\\\/schema\\\/logo\\\/image\\\/\"}}]}<\/script>\n<!-- \/ Yoast SEO plugin. -->","yoast_head_json":{"title":"Servicios - Distribuciones Alonso","robots":{"index":"index","follow":"follow","max-snippet":"max-snippet:-1","max-image-preview":"max-image-preview:large","max-video-preview":"max-video-preview:-1"},"canonical":"https:\/\/distribucionesalonso.com\/eu\/servicios\/","og_locale":"en_US","og_type":"article","og_title":"Servicios - Distribuciones Alonso","og_description":"Productos seleccionados para ofrecer la mejor calidad y frescura en cada entrega. Aves Entero o en cortes (pechugas, muslos, alitas, etc.), siempre con el mejor sabor y calidad garantizada. Huevos frescos De distintos tama\u00f1os y categor\u00edas, ideales para cualquier uso culinario. Productos elaborados Preparaciones av\u00edcolas listas para cocinar o consumir, manteniendo siempre la m\u00e1xima frescura. [&hellip;]","og_url":"https:\/\/distribucionesalonso.com\/eu\/servicios\/","og_site_name":"Distribuciones Alonso","article_modified_time":"2025-02-20T12:09:38+00:00","og_image":[{"width":1500,"height":1001,"url":"https:\/\/distribucionesalonso.com\/wp-content\/uploads\/2025\/02\/37842.jpg","type":"image\/jpeg"}],"twitter_card":"summary_large_image","twitter_misc":{"Est. reading time":"1 minutua"},"schema":{"@context":"https:\/\/schema.org","@graph":[{"@type":"WebPage","@id":"https:\/\/distribucionesalonso.com\/servicios\/","url":"https:\/\/distribucionesalonso.com\/servicios\/","name":"Servicios - Distribuciones Alonso","isPartOf":{"@id":"https:\/\/distribucionesalonso.com\/#website"},"primaryImageOfPage":{"@id":"https:\/\/distribucionesalonso.com\/servicios\/#primaryimage"},"image":{"@id":"https:\/\/distribucionesalonso.com\/servicios\/#primaryimage"},"thumbnailUrl":"https:\/\/distribucionesalonso.com\/wp-content\/uploads\/2025\/02\/37842.jpg","datePublished":"2024-07-12T15:14:19+00:00","dateModified":"2025-02-20T12:09:38+00:00","breadcrumb":{"@id":"https:\/\/distribucionesalonso.com\/servicios\/#breadcrumb"},"inLanguage":"eu","potentialAction":[{"@type":"ReadAction","target":["https:\/\/distribucionesalonso.com\/servicios\/"]}]},{"@type":"ImageObject","inLanguage":"eu","@id":"https:\/\/distribucionesalonso.com\/servicios\/#primaryimage","url":"https:\/\/distribucionesalonso.com\/wp-content\/uploads\/2025\/02\/37842.jpg","contentUrl":"https:\/\/distribucionesalonso.com\/wp-content\/uploads\/2025\/02\/37842.jpg"},{"@type":"BreadcrumbList","@id":"https:\/\/distribucionesalonso.com\/servicios\/#breadcrumb","itemListElement":[{"@type":"ListItem","position":1,"name":"Portada","item":"https:\/\/distribucionesalonso.com\/"},{"@type":"ListItem","position":2,"name":"Servicios"}]},{"@type":"WebSite","@id":"https:\/\/distribucionesalonso.com\/#website","url":"https:\/\/distribucionesalonso.com\/","name":"Distribuciones Alonso","description":"Distribuci\u00f3n de producto avicola fresco","publisher":{"@id":"https:\/\/distribucionesalonso.com\/#organization"},"potentialAction":[{"@type":"SearchAction","target":{"@type":"EntryPoint","urlTemplate":"https:\/\/distribucionesalonso.com\/?s={search_term_string}"},"query-input":{"@type":"PropertyValueSpecification","valueRequired":true,"valueName":"search_term_string"}}],"inLanguage":"eu"},{"@type":"Organization","@id":"https:\/\/distribucionesalonso.com\/#organization","name":"Distribuciones Alonso","url":"https:\/\/distribucionesalonso.com\/","logo":{"@type":"ImageObject","inLanguage":"eu","@id":"https:\/\/distribucionesalonso.com\/#\/schema\/logo\/image\/","url":"https:\/\/distribucionesalonso.com\/wp-content\/uploads\/2025\/02\/cropped-Reparacion-de-Calzado-DONATO-2.png","contentUrl":"https:\/\/distribucionesalonso.com\/wp-content\/uploads\/2025\/02\/cropped-Reparacion-de-Calzado-DONATO-2.png","width":420,"height":171,"caption":"Distribuciones Alonso"},"image":{"@id":"https:\/\/distribucionesalonso.com\/#\/schema\/logo\/image\/"}}]}},"_links":{"self":[{"href":"https:\/\/distribucionesalonso.com\/eu\/wp-json\/wp\/v2\/pages\/17","targetHints":{"allow":["GET"]}}],"collection":[{"href":"https:\/\/distribucionesalonso.com\/eu\/wp-json\/wp\/v2\/pages"}],"about":[{"href":"https:\/\/distribucionesalonso.com\/eu\/wp-json\/wp\/v2\/types\/page"}],"author":[{"embeddable":true,"href":"https:\/\/distribucionesalonso.com\/eu\/wp-json\/wp\/v2\/users\/4"}],"replies":[{"embeddable":true,"href":"https:\/\/distribucionesalonso.com\/eu\/wp-json\/wp\/v2\/comments?post=17"}],"version-history":[{"count":132,"href":"https:\/\/distribucionesalonso.com\/eu\/wp-json\/wp\/v2\/pages\/17\/revisions"}],"predecessor-version":[{"id":945,"href":"https:\/\/distribucionesalonso.com\/eu\/wp-json\/wp\/v2\/pages\/17\/revisions\/945"}],"wp:attachment":[{"href":"https:\/\/distribucionesalonso.com\/eu\/wp-json\/wp\/v2\/media?parent=17"}],"curies":[{"name":"wp","href":"https:\/\/api.w.org\/{rel}","templated":true}]}}