{"id":2,"date":"2024-07-09T15:59:10","date_gmt":"2024-07-09T15:59:10","guid":{"rendered":"https:\/\/bararias.rkinformatika.online\/?page_id=2"},"modified":"2025-02-20T12:01:31","modified_gmt":"2025-02-20T12:01:31","slug":"inicio","status":"publish","type":"page","link":"https:\/\/distribucionesalonso.com\/eu\/","title":{"rendered":"Hasiera"},"content":{"rendered":"<div data-elementor-type=\"wp-page\" data-elementor-id=\"2\" class=\"elementor elementor-2\" data-elementor-post-type=\"page\">\n\t\t\t\t\t\t<section class=\"elementor-section elementor-top-section elementor-element elementor-element-b7c46c5 elementor-section-boxed elementor-section-height-default elementor-section-height-default\" data-id=\"b7c46c5\" data-element_type=\"section\" data-e-type=\"section\" data-settings=\"{&quot;background_background&quot;:&quot;classic&quot;}\">\n\t\t\t\t\t\t\t<div class=\"elementor-background-overlay\"><\/div>\n\t\t\t\t\t\t\t<div class=\"elementor-container elementor-column-gap-default\">\n\t\t\t\t\t<div class=\"elementor-column elementor-col-100 elementor-top-column elementor-element elementor-element-fd21d29\" data-id=\"fd21d29\" data-element_type=\"column\" data-e-type=\"column\">\n\t\t\t<div class=\"elementor-widget-wrap\">\n\t\t\t\t\t\t\t<\/div>\n\t\t<\/div>\n\t\t\t\t\t<\/div>\n\t\t<\/section>\n\t\t\t\t<section class=\"elementor-section elementor-top-section elementor-element elementor-element-a8912aa elementor-section-full_width elementor-section-height-default elementor-section-height-default\" data-id=\"a8912aa\" data-element_type=\"section\" data-e-type=\"section\">\n\t\t\t\t\t\t<div class=\"elementor-container elementor-column-gap-default\">\n\t\t\t\t\t<div class=\"elementor-column elementor-col-100 elementor-top-column elementor-element elementor-element-db2d5cc\" data-id=\"db2d5cc\" data-element_type=\"column\" data-e-type=\"column\">\n\t\t\t<div class=\"elementor-widget-wrap elementor-element-populated\">\n\t\t\t\t\t\t<div class=\"elementor-element elementor-element-a6ad236 elementor-widget elementor-widget-heading\" data-id=\"a6ad236\" data-element_type=\"widget\" data-e-type=\"widget\" data-widget_type=\"heading.default\">\n\t\t\t\t<div class=\"elementor-widget-container\">\n\t\t\t\t\t<h2 class=\"elementor-heading-title elementor-size-default\">Ongi etorri <br>Banaketak Alonso!<\/h2>\t\t\t\t<\/div>\n\t\t\t\t<\/div>\n\t\t\t\t\t<\/div>\n\t\t<\/div>\n\t\t\t\t\t<\/div>\n\t\t<\/section>\n\t\t<div class=\"elementor-element elementor-element-62526b8 elementor-hidden-tablet e-flex e-con-boxed e-con e-parent\" data-id=\"62526b8\" data-element_type=\"container\" data-e-type=\"container\">\n\t\t\t\t\t<div class=\"e-con-inner\">\n\t\t<div class=\"elementor-element elementor-element-738eb90 e-con-full e-flex e-con e-child\" data-id=\"738eb90\" data-element_type=\"container\" data-e-type=\"container\">\n\t\t\t\t<div class=\"elementor-element elementor-element-43cb29e elementor-widget elementor-widget-image\" data-id=\"43cb29e\" data-element_type=\"widget\" data-e-type=\"widget\" data-widget_type=\"image.default\">\n\t\t\t\t<div class=\"elementor-widget-container\">\n\t\t\t\t\t\t\t\t\t\t\t\t\t\t\t<img fetchpriority=\"high\" decoding=\"async\" width=\"800\" height=\"538\" src=\"https:\/\/distribucionesalonso.com\/wp-content\/uploads\/2025\/02\/15950-1024x688.jpg\" class=\"attachment-large size-large wp-image-797\" alt=\"\" srcset=\"https:\/\/distribucionesalonso.com\/wp-content\/uploads\/2025\/02\/15950-1024x688.jpg 1024w, https:\/\/distribucionesalonso.com\/wp-content\/uploads\/2025\/02\/15950-300x202.jpg 300w, https:\/\/distribucionesalonso.com\/wp-content\/uploads\/2025\/02\/15950-768x516.jpg 768w, https:\/\/distribucionesalonso.com\/wp-content\/uploads\/2025\/02\/15950-18x12.jpg 18w, https:\/\/distribucionesalonso.com\/wp-content\/uploads\/2025\/02\/15950.jpg 1500w\" sizes=\"(max-width: 800px) 100vw, 800px\" \/>\t\t\t\t\t\t\t\t\t\t\t\t\t\t\t<\/div>\n\t\t\t\t<\/div>\n\t\t\t\t<\/div>\n\t\t<div class=\"elementor-element elementor-element-3294ba4 e-con-full e-flex e-con e-child\" data-id=\"3294ba4\" data-element_type=\"container\" data-e-type=\"container\">\n\t\t<div class=\"elementor-element elementor-element-f418896 e-con-full e-flex e-con e-child\" data-id=\"f418896\" data-element_type=\"container\" data-e-type=\"container\">\n\t\t\t\t<div class=\"elementor-element elementor-element-5925fa0 elementor-widget elementor-widget-text-editor\" data-id=\"5925fa0\" data-element_type=\"widget\" data-e-type=\"widget\" data-widget_type=\"text-editor.default\">\n\t\t\t\t<div class=\"elementor-widget-container\">\n\t\t\t\t\t\t\t\t\t<p data-start=\"0\" data-end=\"288\">Distribuciones Alonso 50 urtetik gorako esperientzia duen enpresa familiarra da, hegazti-produktu freskoak banatzen dituena. Gure bezeroei kalitate goreneko produktuak eskaintzea da gure konpromisoa, beti freskoak eta zerbitzu hurbil eta profesionalarekin.<\/p><p data-start=\"290\" data-end=\"553\">Bost hamarkada hauetan zehar, grinaz lan egin dugu banaketa eraginkorra eta ostalaritza sektorearen, tokiko saltokien eta partikularren beharretara egokitua bermatzeko. Gure bezeroen konfiantza eta gogobetetasuna dira gure abalik handienak.<\/p>\t\t\t\t\t\t\t\t<\/div>\n\t\t\t\t<\/div>\n\t\t\t\t<\/div>\n\t\t\t\t<\/div>\n\t\t\t\t\t<\/div>\n\t\t\t\t<\/div>\n\t\t<div class=\"elementor-element elementor-element-2e80433 elementor-hidden-desktop elementor-hidden-mobile e-flex e-con-boxed e-con e-parent\" data-id=\"2e80433\" data-element_type=\"container\" data-e-type=\"container\">\n\t\t\t\t\t<div class=\"e-con-inner\">\n\t\t<div class=\"elementor-element elementor-element-8f7966e e-con-full e-flex e-con e-child\" data-id=\"8f7966e\" data-element_type=\"container\" data-e-type=\"container\">\n\t\t\t\t<div class=\"elementor-element elementor-element-423627c elementor-widget elementor-widget-image\" data-id=\"423627c\" data-element_type=\"widget\" data-e-type=\"widget\" data-widget_type=\"image.default\">\n\t\t\t\t<div class=\"elementor-widget-container\">\n\t\t\t\t\t\t\t\t\t\t\t\t\t\t\t<img fetchpriority=\"high\" decoding=\"async\" width=\"800\" height=\"538\" src=\"https:\/\/distribucionesalonso.com\/wp-content\/uploads\/2025\/02\/15950-1024x688.jpg\" class=\"attachment-large size-large wp-image-797\" alt=\"\" srcset=\"https:\/\/distribucionesalonso.com\/wp-content\/uploads\/2025\/02\/15950-1024x688.jpg 1024w, https:\/\/distribucionesalonso.com\/wp-content\/uploads\/2025\/02\/15950-300x202.jpg 300w, https:\/\/distribucionesalonso.com\/wp-content\/uploads\/2025\/02\/15950-768x516.jpg 768w, https:\/\/distribucionesalonso.com\/wp-content\/uploads\/2025\/02\/15950-18x12.jpg 18w, https:\/\/distribucionesalonso.com\/wp-content\/uploads\/2025\/02\/15950.jpg 1500w\" sizes=\"(max-width: 800px) 100vw, 800px\" \/>\t\t\t\t\t\t\t\t\t\t\t\t\t\t\t<\/div>\n\t\t\t\t<\/div>\n\t\t\t\t<\/div>\n\t\t<div class=\"elementor-element elementor-element-8ccc2e8 e-con-full e-flex e-con e-child\" data-id=\"8ccc2e8\" data-element_type=\"container\" data-e-type=\"container\">\n\t\t<div class=\"elementor-element elementor-element-979976b e-con-full e-flex e-con e-child\" data-id=\"979976b\" data-element_type=\"container\" data-e-type=\"container\">\n\t\t\t\t<div class=\"elementor-element elementor-element-a7ff457 elementor-widget elementor-widget-text-editor\" data-id=\"a7ff457\" data-element_type=\"widget\" data-e-type=\"widget\" data-widget_type=\"text-editor.default\">\n\t\t\t\t<div class=\"elementor-widget-container\">\n\t\t\t\t\t\t\t\t\t<p data-start=\"0\" data-end=\"288\"><strong data-start=\"0\" data-end=\"25\">Distribuciones Alonso<\/strong> es una empresa familiar con m\u00e1s de 50 a\u00f1os de experiencia, dedicada a la <strong data-start=\"99\" data-end=\"145\">distribuci\u00f3n de productos av\u00edcolas frescos<\/strong>. Nuestro compromiso es ofrecer a nuestros clientes productos de la m\u00e1s alta calidad, siempre frescos y con un servicio cercano y profesional.<\/p><p data-start=\"290\" data-end=\"553\">Bost hamarkada hauetan zehar, grinaz lan egin dugu banaketa eraginkorra eta ostalaritza sektorearen, tokiko saltokien eta partikularren beharretara egokitua bermatzeko. Gure bezeroen konfiantza eta gogobetetasuna dira gure abalik handienak.<\/p>\t\t\t\t\t\t\t\t<\/div>\n\t\t\t\t<\/div>\n\t\t\t\t<\/div>\n\t\t\t\t<\/div>\n\t\t\t\t\t<\/div>\n\t\t\t\t<\/div>\n\t\t<div class=\"elementor-element elementor-element-46a0bc9 e-con-full e-flex e-con e-parent\" data-id=\"46a0bc9\" data-element_type=\"container\" data-e-type=\"container\" data-settings=\"{&quot;background_background&quot;:&quot;classic&quot;}\">\n\t\t\t\t<div class=\"elementor-element elementor-element-1ba0e26 elementor-cta--skin-classic elementor-animated-content elementor-bg-transform elementor-bg-transform-zoom-in elementor-widget elementor-widget-call-to-action\" data-id=\"1ba0e26\" data-element_type=\"widget\" data-e-type=\"widget\" data-widget_type=\"call-to-action.default\">\n\t\t\t\t<div class=\"elementor-widget-container\">\n\t\t\t\t\t\t\t<div class=\"elementor-cta\">\n\t\t\t\t\t<div class=\"elementor-cta__bg-wrapper\">\n\t\t\t\t<div class=\"elementor-cta__bg elementor-bg\" style=\"background-image: url(https:\/\/distribucionesalonso.com\/wp-content\/uploads\/2025\/02\/2149284873.jpg);\" role=\"img\" aria-label=\"2149284873\"><\/div>\n\t\t\t\t<div class=\"elementor-cta__bg-overlay\"><\/div>\n\t\t\t<\/div>\n\t\t\t\t\t\t\t<div class=\"elementor-cta__content\">\n\t\t\t\t\n\t\t\t\t\t\t\t\t\t<h2 class=\"elementor-cta__title elementor-cta__content-item elementor-content-item\">\n\t\t\t\t\t\tEzagutu gaitzazu eta jakin ezazu zergatik garen erreferenteak hegaztien sektorean!\t\t\t\t\t<\/h2>\n\t\t\t\t\n\t\t\t\t\n\t\t\t\t\t\t\t\t\t<div class=\"elementor-cta__button-wrapper elementor-cta__content-item elementor-content-item\">\n\t\t\t\t\t<a class=\"elementor-cta__button elementor-button elementor-size-\" href=\"https:\/\/distribucionesalonso.com\/eu\/galeria\/\">\n\t\t\t\t\t\tZerbitzuak\t\t\t\t\t<\/a>\n\t\t\t\t\t<\/div>\n\t\t\t\t\t\t\t<\/div>\n\t\t\t\t\t\t<\/div>\n\t\t\t\t\t\t<\/div>\n\t\t\t\t<\/div>\n\t\t\t\t<\/div>\n\t\t\t\t<\/div>","protected":false},"excerpt":{"rendered":"<p>Bienvenidos a Distribuciones Alonso! Distribuciones Alonso es una empresa familiar con m\u00e1s de 50 a\u00f1os de experiencia, dedicada a la distribuci\u00f3n de productos av\u00edcolas frescos. Nuestro compromiso es ofrecer a nuestros clientes productos de la m\u00e1s alta calidad, siempre frescos y con un servicio cercano y profesional. A lo largo de estas cinco d\u00e9cadas, hemos [&hellip;]<\/p>\n","protected":false},"author":4,"featured_media":0,"parent":0,"menu_order":0,"comment_status":"closed","ping_status":"closed","template":"","meta":{"footnotes":""},"class_list":["post-2","page","type-page","status-publish","hentry"],"yoast_head":"<!-- This site is optimized with the Yoast SEO plugin v27.4 - https:\/\/yoast.com\/product\/yoast-seo-wordpress\/ -->\n<title>Inicio - Distribuciones Alonso<\/title>\n<meta name=\"robots\" content=\"index, follow, max-snippet:-1, max-image-preview:large, max-video-preview:-1\" \/>\n<link rel=\"canonical\" href=\"https:\/\/distribucionesalonso.com\/eu\/\" \/>\n<meta property=\"og:locale\" content=\"en_US\" \/>\n<meta property=\"og:type\" content=\"article\" \/>\n<meta property=\"og:title\" content=\"Inicio - Distribuciones Alonso\" \/>\n<meta property=\"og:description\" content=\"Bienvenidos a Distribuciones Alonso! Distribuciones Alonso es una empresa familiar con m\u00e1s de 50 a\u00f1os de experiencia, dedicada a la distribuci\u00f3n de productos av\u00edcolas frescos. Nuestro compromiso es ofrecer a nuestros clientes productos de la m\u00e1s alta calidad, siempre frescos y con un servicio cercano y profesional. A lo largo de estas cinco d\u00e9cadas, hemos [&hellip;]\" \/>\n<meta property=\"og:url\" content=\"https:\/\/distribucionesalonso.com\/eu\/\" \/>\n<meta property=\"og:site_name\" content=\"Distribuciones Alonso\" \/>\n<meta property=\"article:modified_time\" content=\"2025-02-20T12:01:31+00:00\" \/>\n<meta property=\"og:image\" content=\"https:\/\/distribucionesalonso.com\/wp-content\/uploads\/2025\/02\/15950.jpg\" \/>\n\t<meta property=\"og:image:width\" content=\"1500\" \/>\n\t<meta property=\"og:image:height\" content=\"1008\" \/>\n\t<meta property=\"og:image:type\" content=\"image\/jpeg\" \/>\n<meta name=\"twitter:card\" content=\"summary_large_image\" \/>\n<meta name=\"twitter:label1\" content=\"Est. reading time\" \/>\n\t<meta name=\"twitter:data1\" content=\"2 minutua\" \/>\n<script type=\"application\/ld+json\" class=\"yoast-schema-graph\">{\"@context\":\"https:\\\/\\\/schema.org\",\"@graph\":[{\"@type\":\"WebPage\",\"@id\":\"https:\\\/\\\/distribucionesalonso.com\\\/\",\"url\":\"https:\\\/\\\/distribucionesalonso.com\\\/\",\"name\":\"Inicio - Distribuciones Alonso\",\"isPartOf\":{\"@id\":\"https:\\\/\\\/distribucionesalonso.com\\\/#website\"},\"primaryImageOfPage\":{\"@id\":\"https:\\\/\\\/distribucionesalonso.com\\\/#primaryimage\"},\"image\":{\"@id\":\"https:\\\/\\\/distribucionesalonso.com\\\/#primaryimage\"},\"thumbnailUrl\":\"https:\\\/\\\/distribucionesalonso.com\\\/wp-content\\\/uploads\\\/2025\\\/02\\\/15950-1024x688.jpg\",\"datePublished\":\"2024-07-09T15:59:10+00:00\",\"dateModified\":\"2025-02-20T12:01:31+00:00\",\"breadcrumb\":{\"@id\":\"https:\\\/\\\/distribucionesalonso.com\\\/#breadcrumb\"},\"inLanguage\":\"eu\",\"potentialAction\":[{\"@type\":\"ReadAction\",\"target\":[\"https:\\\/\\\/distribucionesalonso.com\\\/\"]}]},{\"@type\":\"ImageObject\",\"inLanguage\":\"eu\",\"@id\":\"https:\\\/\\\/distribucionesalonso.com\\\/#primaryimage\",\"url\":\"https:\\\/\\\/distribucionesalonso.com\\\/wp-content\\\/uploads\\\/2025\\\/02\\\/15950-1024x688.jpg\",\"contentUrl\":\"https:\\\/\\\/distribucionesalonso.com\\\/wp-content\\\/uploads\\\/2025\\\/02\\\/15950-1024x688.jpg\"},{\"@type\":\"BreadcrumbList\",\"@id\":\"https:\\\/\\\/distribucionesalonso.com\\\/#breadcrumb\",\"itemListElement\":[{\"@type\":\"ListItem\",\"position\":1,\"name\":\"Portada\",\"item\":\"https:\\\/\\\/distribucionesalonso.com\\\/\"},{\"@type\":\"ListItem\",\"position\":2,\"name\":\"Inicio\"}]},{\"@type\":\"WebSite\",\"@id\":\"https:\\\/\\\/distribucionesalonso.com\\\/#website\",\"url\":\"https:\\\/\\\/distribucionesalonso.com\\\/\",\"name\":\"Distribuciones Alonso\",\"description\":\"Distribuci\u00f3n de producto avicola fresco\",\"publisher\":{\"@id\":\"https:\\\/\\\/distribucionesalonso.com\\\/#organization\"},\"potentialAction\":[{\"@type\":\"SearchAction\",\"target\":{\"@type\":\"EntryPoint\",\"urlTemplate\":\"https:\\\/\\\/distribucionesalonso.com\\\/?s={search_term_string}\"},\"query-input\":{\"@type\":\"PropertyValueSpecification\",\"valueRequired\":true,\"valueName\":\"search_term_string\"}}],\"inLanguage\":\"eu\"},{\"@type\":\"Organization\",\"@id\":\"https:\\\/\\\/distribucionesalonso.com\\\/#organization\",\"name\":\"Distribuciones Alonso\",\"url\":\"https:\\\/\\\/distribucionesalonso.com\\\/\",\"logo\":{\"@type\":\"ImageObject\",\"inLanguage\":\"eu\",\"@id\":\"https:\\\/\\\/distribucionesalonso.com\\\/#\\\/schema\\\/logo\\\/image\\\/\",\"url\":\"https:\\\/\\\/distribucionesalonso.com\\\/wp-content\\\/uploads\\\/2025\\\/02\\\/cropped-Reparacion-de-Calzado-DONATO-2.png\",\"contentUrl\":\"https:\\\/\\\/distribucionesalonso.com\\\/wp-content\\\/uploads\\\/2025\\\/02\\\/cropped-Reparacion-de-Calzado-DONATO-2.png\",\"width\":420,\"height\":171,\"caption\":\"Distribuciones Alonso\"},\"image\":{\"@id\":\"https:\\\/\\\/distribucionesalonso.com\\\/#\\\/schema\\\/logo\\\/image\\\/\"}}]}<\/script>\n<!-- \/ Yoast SEO plugin. -->","yoast_head_json":{"title":"Inicio - Distribuciones Alonso","robots":{"index":"index","follow":"follow","max-snippet":"max-snippet:-1","max-image-preview":"max-image-preview:large","max-video-preview":"max-video-preview:-1"},"canonical":"https:\/\/distribucionesalonso.com\/eu\/","og_locale":"en_US","og_type":"article","og_title":"Inicio - Distribuciones Alonso","og_description":"Bienvenidos a Distribuciones Alonso! Distribuciones Alonso es una empresa familiar con m\u00e1s de 50 a\u00f1os de experiencia, dedicada a la distribuci\u00f3n de productos av\u00edcolas frescos. Nuestro compromiso es ofrecer a nuestros clientes productos de la m\u00e1s alta calidad, siempre frescos y con un servicio cercano y profesional. A lo largo de estas cinco d\u00e9cadas, hemos [&hellip;]","og_url":"https:\/\/distribucionesalonso.com\/eu\/","og_site_name":"Distribuciones Alonso","article_modified_time":"2025-02-20T12:01:31+00:00","og_image":[{"width":1500,"height":1008,"url":"https:\/\/distribucionesalonso.com\/wp-content\/uploads\/2025\/02\/15950.jpg","type":"image\/jpeg"}],"twitter_card":"summary_large_image","twitter_misc":{"Est. reading time":"2 minutua"},"schema":{"@context":"https:\/\/schema.org","@graph":[{"@type":"WebPage","@id":"https:\/\/distribucionesalonso.com\/","url":"https:\/\/distribucionesalonso.com\/","name":"Inicio - Distribuciones Alonso","isPartOf":{"@id":"https:\/\/distribucionesalonso.com\/#website"},"primaryImageOfPage":{"@id":"https:\/\/distribucionesalonso.com\/#primaryimage"},"image":{"@id":"https:\/\/distribucionesalonso.com\/#primaryimage"},"thumbnailUrl":"https:\/\/distribucionesalonso.com\/wp-content\/uploads\/2025\/02\/15950-1024x688.jpg","datePublished":"2024-07-09T15:59:10+00:00","dateModified":"2025-02-20T12:01:31+00:00","breadcrumb":{"@id":"https:\/\/distribucionesalonso.com\/#breadcrumb"},"inLanguage":"eu","potentialAction":[{"@type":"ReadAction","target":["https:\/\/distribucionesalonso.com\/"]}]},{"@type":"ImageObject","inLanguage":"eu","@id":"https:\/\/distribucionesalonso.com\/#primaryimage","url":"https:\/\/distribucionesalonso.com\/wp-content\/uploads\/2025\/02\/15950-1024x688.jpg","contentUrl":"https:\/\/distribucionesalonso.com\/wp-content\/uploads\/2025\/02\/15950-1024x688.jpg"},{"@type":"BreadcrumbList","@id":"https:\/\/distribucionesalonso.com\/#breadcrumb","itemListElement":[{"@type":"ListItem","position":1,"name":"Portada","item":"https:\/\/distribucionesalonso.com\/"},{"@type":"ListItem","position":2,"name":"Inicio"}]},{"@type":"WebSite","@id":"https:\/\/distribucionesalonso.com\/#website","url":"https:\/\/distribucionesalonso.com\/","name":"Distribuciones Alonso","description":"Distribuci\u00f3n de producto avicola fresco","publisher":{"@id":"https:\/\/distribucionesalonso.com\/#organization"},"potentialAction":[{"@type":"SearchAction","target":{"@type":"EntryPoint","urlTemplate":"https:\/\/distribucionesalonso.com\/?s={search_term_string}"},"query-input":{"@type":"PropertyValueSpecification","valueRequired":true,"valueName":"search_term_string"}}],"inLanguage":"eu"},{"@type":"Organization","@id":"https:\/\/distribucionesalonso.com\/#organization","name":"Distribuciones Alonso","url":"https:\/\/distribucionesalonso.com\/","logo":{"@type":"ImageObject","inLanguage":"eu","@id":"https:\/\/distribucionesalonso.com\/#\/schema\/logo\/image\/","url":"https:\/\/distribucionesalonso.com\/wp-content\/uploads\/2025\/02\/cropped-Reparacion-de-Calzado-DONATO-2.png","contentUrl":"https:\/\/distribucionesalonso.com\/wp-content\/uploads\/2025\/02\/cropped-Reparacion-de-Calzado-DONATO-2.png","width":420,"height":171,"caption":"Distribuciones Alonso"},"image":{"@id":"https:\/\/distribucionesalonso.com\/#\/schema\/logo\/image\/"}}]}},"_links":{"self":[{"href":"https:\/\/distribucionesalonso.com\/eu\/wp-json\/wp\/v2\/pages\/2","targetHints":{"allow":["GET"]}}],"collection":[{"href":"https:\/\/distribucionesalonso.com\/eu\/wp-json\/wp\/v2\/pages"}],"about":[{"href":"https:\/\/distribucionesalonso.com\/eu\/wp-json\/wp\/v2\/types\/page"}],"author":[{"embeddable":true,"href":"https:\/\/distribucionesalonso.com\/eu\/wp-json\/wp\/v2\/users\/4"}],"replies":[{"embeddable":true,"href":"https:\/\/distribucionesalonso.com\/eu\/wp-json\/wp\/v2\/comments?post=2"}],"version-history":[{"count":205,"href":"https:\/\/distribucionesalonso.com\/eu\/wp-json\/wp\/v2\/pages\/2\/revisions"}],"predecessor-version":[{"id":987,"href":"https:\/\/distribucionesalonso.com\/eu\/wp-json\/wp\/v2\/pages\/2\/revisions\/987"}],"wp:attachment":[{"href":"https:\/\/distribucionesalonso.com\/eu\/wp-json\/wp\/v2\/media?parent=2"}],"curies":[{"name":"wp","href":"https:\/\/api.w.org\/{rel}","templated":true}]}}